{"id":91,"date":"2024-10-11T16:42:35","date_gmt":"2024-10-11T14:42:35","guid":{"rendered":"https:\/\/lynk.plus\/?page_id=91"},"modified":"2025-02-20T16:39:05","modified_gmt":"2025-02-20T15:39:05","slug":"cookie-richtlinie","status":"publish","type":"page","link":"https:\/\/lynk.plus\/de\/cookie-policy\/","title":{"rendered":"Cookie-Richtlinie (EU)"},"content":{"rendered":"<p><\/p>\n\n\n\n<p><strong>Widerruf der Einwilligung zur Datenverarbeitung<\/strong><\/p>\n\n\n\n<p>Bestimmte Datenverarbeitungsvorg\u00e4nge sind nur mit Ihrer ausdr\u00fccklichen Einwilligung m\u00f6glich. Sie k\u00f6nnen Ihre rechtsfolglich erteilte Einwilligung jederzeit durch eine formlose E-Mail widerrufen. Die Rechtm\u00e4\u00dfigkeit der bis zum Widerruf erfolgten Datenverarbeitung bleibt davon unber\u00fchrt. <\/p>\n\n\n\n<p><\/p>\n\n\n\n<p><\/p>\n\n\n\n<p><strong>Recht auf Beschwerde bei der zust\u00e4ndigen Aufsichtsbeh\u00f6rde<\/strong><\/p>\n\n\n\n<p>Wenn Sie der Ansicht sind, dass ein Versto\u00df gegen datenschutzrechtliche Bestimmungen vorliegt, haben Sie das Recht, sich bei der zust\u00e4ndigen Aufsichtsbeh\u00f6rde zu beschweren. Die zust\u00e4ndige Beh\u00f6rde f\u00fcr Datenschutzangelegenheiten ist der Datenschutzbeauftragte des Bundeslandes, in dem unser Unternehmen seinen Sitz hat. Eine Liste der Datenschutzbeauftragten und deren Kontaktdaten finden Sie unter folgendem Link: <a href=\"https:\/\/www.bfdi.bund.de\/DE\/Service\/Anschriften\/anschriften_table.html\" data-type=\"link\" data-id=\"https:\/\/www.bfdi.bund.de\/DE\/Service\/Anschriften\/anschriften_table.html\" target=\"_blank\" rel=\"noopener noreferrer nofollow\">Datenschutzbeh\u00f6rden in Deutschland. <\/a><\/p>\n\n\n\n<p><\/p>\n\n\n\n<p><\/p>\n\n\n\n<p><strong>Recht auf Daten\u00fcbertragbarkeit<\/strong><\/p>\n\n\n\n<p>Sie haben das Recht, die Daten, die wir aufgrund Ihrer Einwilligung oder zur Erf\u00fcllung eines Vertrags automatisch verarbeiten, in einem maschinenlesbaren Format zu erhalten. Sie k\u00f6nnen auch verlangen, dass die Daten direkt an einen anderen Verantwortlichen \u00fcbermittelt werden, sofern dies technisch machbar ist. <\/p>\n\n\n\n<p><\/p>\n\n\n\n<p><\/p>\n\n\n\n<p><strong>Recht auf Auskunft, Berichtigung, Sperrung und L\u00f6schung von Daten<\/strong><\/p>\n\n\n\n<p>Im Rahmen der geltenden gesetzlichen Bestimmungen haben Sie das Recht, unentgeltlich Auskunft \u00fcber Ihre gespeicherten personenbezogenen Daten, deren Herkunft, Empf\u00e4nger und den Zweck der Datenverarbeitung zu erhalten. Sie haben ferner das Recht, die Berichtigung, Sperrung oder L\u00f6schung dieser Daten zu verlangen. F\u00fcr diese Anliegen sowie f\u00fcr weitere Fragen zum Thema personenbezogene Daten k\u00f6nnen Sie uns jederzeit \u00fcber die im Impressum angegebenen Kontaktdaten kontaktieren. <\/p>\n\n\n\n<p><\/p>\n\n\n\n<p><\/p>\n\n\n\n<p><strong>SSL und TLS Verschl\u00fcsselung<\/strong><\/p>\n\n\n\n<p>Zu Sicherheitszwecken und zum Schutz der \u00dcbertragung vertraulicher Inhalte verwendet unsere Website eine SSL- bzw. TLS-Verschl\u00fcsselung. Dies stellt sicher, dass Daten, die Sie \u00fcber diese Website \u00fcbermitteln, nicht von Dritten gelesen werden k\u00f6nnen. Eine verschl\u00fcsselte Verbindung erkennen Sie an der Adresszeile \u201chttps:\/\/\u201d und dem Schloss-Symbol in Ihrem Browser.<\/p>\n\n\n\n<p><\/p>\n\n\n\n<p><\/p>\n\n\n\n<p><strong>Server-Protokolldateien<\/strong><\/p>\n\n\n\n<p>Der Websiteanbieter erhebt und speichert automatisch Informationen in Server-Logdateien, die Ihr Browser automatisch an uns \u00fcbermittelt. Diese umfassen:<\/p>\n\n\n\n<ul class=\"wp-block-list\">\n<li>Browsertyp und Version<\/li>\n\n\n\n<li>Betriebssystem verwendet<\/li>\n\n\n\n<li>Referrer-URL<\/li>\n\n\n\n<li>Hostname des zugreifenden Computers<\/li>\n\n\n\n<li>Zeit des Server-Requests<\/li>\n\n\n\n<li>IP-Adresse<\/li>\n<\/ul>\n\n\n\n<p>Diese Daten werden nicht mit anderen Datenquellen zusammengef\u00fchrt. Die Datenverarbeitung erfolgt auf Grundlage von Art. 6 Abs. 1 lit. b der DSGVO, der die Verarbeitung von Daten f\u00fcr die Erf\u00fcllung eines Vertrags oder vorvertragliche Ma\u00dfnahmen gestattet. <\/p>\n\n\n\n<p><\/p>\n\n\n\n<p><\/p>\n\n\n\n<p><strong>Kekse<\/strong><\/p>\n\n\n\n<p>Unsere Website verwendet Cookies \u2013 kleine Textdateien, die von Ihrem Webbrowser auf Ihrem Ger\u00e4t gespeichert werden. Cookies helfen uns, unsere Website benutzerfreundlicher, effizienter und sicherer zu gestalten.<\/p>\n\n\n\n<p>Einige Cookies sind \u201cSitzungs-Cookies\u201d, die nach Ende Ihrer Browsersitzung automatisch gel\u00f6scht werden. Andere verbleiben auf Ihrem Ger\u00e4t, bis Sie sie l\u00f6schen, damit wir Sie bei Ihrer R\u00fcckkehr auf unsere Website wiedererkennen k\u00f6nnen. <\/p>\n\n\n\n<p>Moderne Webbrowser erlauben es Ihnen, Cookies zu \u00fcberwachen, einzuschr\u00e4nken oder zu blockieren. Sie k\u00f6nnen viele Browser so konfigurieren, dass Cookies automatisch gel\u00f6scht werden, wenn das Programm geschlossen wird. Das Deaktivieren von Cookies kann die Funktionalit\u00e4t unserer Website einschr\u00e4nken. <\/p>\n\n\n\n<p>Die Speicherung von Cookies, die f\u00fcr die elektronische Kommunikation oder zur Bereitstellung bestimmter Funktionen (z. B. Warenkorb) erforderlich sind, basiert auf Art. 6 Abs. 1 lit. f der DSGVO. Als Website-Betreiber haben wir ein berechtigtes Interesse an der Speicherung von Cookies zur Gew\u00e4hrleistung einer fehlerfreien und optimierten Bereitstellung unserer Dienste. Andere Cookies (z. B. f\u00fcr Analysen) werden in dieser Datenschutzerkl\u00e4rung gesondert behandelt. <\/p>","protected":false},"excerpt":{"rendered":"<p>Withdrawal of consent for data processing Certain data processing operations are only possible with your express consent. You can withdraw your previously given consent at any time by sending an informal notice via email. The legality of the data processing carried out until the withdrawal remains unaffected. Right to file a complaint with the relevant [&hellip;]<\/p>\n","protected":false},"author":1,"featured_media":0,"parent":0,"menu_order":6,"comment_status":"closed","ping_status":"closed","template":"","meta":{"_acf_changed":false,"iawp_total_views":105,"footnotes":""},"hf_cat_page":[10],"class_list":["post-91","page","type-page","status-publish","hentry"],"acf":[],"_links":{"self":[{"href":"https:\/\/lynk.plus\/de\/wp-json\/wp\/v2\/pages\/91","targetHints":{"allow":["GET"]}}],"collection":[{"href":"https:\/\/lynk.plus\/de\/wp-json\/wp\/v2\/pages"}],"about":[{"href":"https:\/\/lynk.plus\/de\/wp-json\/wp\/v2\/types\/page"}],"author":[{"embeddable":true,"href":"https:\/\/lynk.plus\/de\/wp-json\/wp\/v2\/users\/1"}],"replies":[{"embeddable":true,"href":"https:\/\/lynk.plus\/de\/wp-json\/wp\/v2\/comments?post=91"}],"version-history":[{"count":0,"href":"https:\/\/lynk.plus\/de\/wp-json\/wp\/v2\/pages\/91\/revisions"}],"wp:attachment":[{"href":"https:\/\/lynk.plus\/de\/wp-json\/wp\/v2\/media?parent=91"}],"wp:term":[{"taxonomy":"hf_cat_page","embeddable":true,"href":"https:\/\/lynk.plus\/de\/wp-json\/wp\/v2\/hf_cat_page?post=91"}],"curies":[{"name":"wp","href":"https:\/\/api.w.org\/{rel}","templated":true}]}}